{"id":38,"date":"2022-12-10T08:46:26","date_gmt":"2022-12-10T08:46:26","guid":{"rendered":"http:\/\/sgdigitalservices.com\/dev\/peter-james-association\/?page_id=38"},"modified":"2023-12-13T04:17:34","modified_gmt":"2023-12-13T04:17:34","slug":"organisations-links","status":"publish","type":"page","link":"https:\/\/sgdigitalservices.com\/dev\/peter-james-association\/organisations-links\/","title":{"rendered":"Organisations &#038; Links"},"content":{"rendered":"\n<h4 class=\"wp-block-heading\">Good to know<\/h4>\n\n\n\n<p>The information provided on this page is intended to help those looking for more information about neurodiverse conditions or looking for resource organizations. The Peter James Association is not responsible for the content of linked websites and users are asked to follow the access rules of those sites.<\/p>\n\n\n\n<h6 class=\"wp-block-heading\"><span style=\"text-decoration: underline;\">In Kenya<\/span><br><\/h6>\n\n\n\n<h4 class=\"wp-block-heading\">National Council for Persons with Disabilities (NCPWD)<\/h4>\n\n\n\n<p>The national council is a state corporation established by act of parliament in Kenya and set up in November 2004. The body is made up of representatives from important government ministries and organisations of persons with disabilities.<\/p>\n\n\n\n<p>  <\/p>\n\n\n\n<div class=\"wp-block-columns is-layout-flex wp-container-core-columns-layout-1 wp-block-columns-is-layout-flex\">\n<div class=\"wp-block-column is-layout-flow wp-block-column-is-layout-flow\">\n<h4 class=\"wp-block-heading\">Mission<\/h4>\n\n\n\n<p>To promote and protect equalization of opportunities and realization of human rights for PWDs to live descent livelihoods.<\/p>\n<\/div>\n\n\n\n<div class=\"wp-block-column is-layout-flow wp-block-column-is-layout-flow\">\n<h4 class=\"wp-block-heading\">Vision<\/h4>\n\n\n\n<p>A barrier free society for Persons with Disabilities.<\/p>\n<\/div>\n<\/div>\n\n\n\n<p><\/p>\n\n\n\n<p><strong>ASD means Autism Spectrum Disorder.<\/strong><\/p>\n\n\n\n<p>Autism is described as a spectrum disorder because there is a very wide range of functional disorders in those having autism.<\/p>\n\n\n\n<h6 class=\"wp-block-heading\"><span style=\"text-decoration: underline;\">In the Czech Republic<\/span><\/h6>\n\n\n\n<p>Here are some weblinks to organisations that support those living with neurodiverse children.<\/p>\n\n\n\n<div class=\"wp-block-columns is-layout-flex wp-container-core-columns-layout-2 wp-block-columns-is-layout-flex\">\n<div class=\"wp-block-column is-layout-flow wp-block-column-is-layout-flow\">\n<figure class=\"wp-block-image size-full is-resized\"><img loading=\"lazy\" decoding=\"async\" width=\"300\" height=\"139\" src=\"https:\/\/sgdigitalservices.com\/dev\/peter-james-association\/wp-content\/uploads\/2022\/12\/logo_mono.png\" alt=\"\" class=\"wp-image-43\" style=\"width:189px;height:auto\"\/><\/figure>\n<\/div>\n\n\n\n<div class=\"wp-block-column is-layout-flow wp-block-column-is-layout-flow\"><\/div>\n\n\n\n<div class=\"wp-block-column is-layout-flow wp-block-column-is-layout-flow\"><\/div>\n<\/div>\n\n\n\n<p><a href=\"https:\/\/www.aba-centrum.cz\/en\/\" target=\"_blank\" rel=\"noreferrer noopener\"><span style=\"text-decoration: underline;\">The ABA centrum.<\/span><\/a> A therapeutic center for autistic children.<br><a href=\"https:\/\/www.terapie-autismu.cz\/about-our-center\/\" target=\"_blank\" rel=\"noreferrer noopener\"><span style=\"text-decoration: underline;\">The Centrum Terapie A<\/span>utism<\/a> Therapy Center for children with ASD and neurodevelopmental conditions.<br><span style=\"text-decoration: underline;\"><a href=\"https:\/\/detiuplnku.cz\/en\/children-of-the-full-moon\/about-us\/\" target=\"_blank\" rel=\"noreferrer noopener\">D\u011bti \u00dapl\u0148ku, (Children of the full moon.<\/a>)<\/span> An association of parents and families with autistic children<br><a href=\"https:\/\/simplestepsautism.com\/cz\/why-simple-steps\/\" target=\"_blank\" rel=\"noreferrer noopener\"><span style=\"text-decoration: underline;\">Simplesteps autism.<\/span><\/a> Providing a multi-media tool to assist parents of children with ASD.<br><a href=\"https:\/\/www.facebook.com\/groups\/331262911518993\/?paipv=0&amp;eav=AfblkYfGvA86g7TELXdmJMwAGfAJZYjU3COC8NwfZHg1uOJ1LAKUDxRdpCPeaahRC1I&amp;_rdr\" target=\"_blank\" rel=\"noreferrer noopener\"><span style=\"text-decoration: underline;\">Parents group for neurodiverse children in Prague<\/span><\/a> Self-help group<\/p>\n\n\n\n<h4 class=\"wp-block-heading\"><br><span style=\"text-decoration: underline;\">More about neurodiverse conditions<\/span><\/h4>\n\n\n\n<p>Centers for Disease Control and Prevention is a United States, Department of Health<br>organisation. [CDC]<\/p>\n\n\n\n<p><a href=\"https:\/\/www.cdc.gov\/ncbddd\/autism\/index.html\" target=\"_blank\" rel=\"noreferrer noopener\"><span style=\"text-decoration: underline;\">Autism <\/span><\/a>From CDC<br><a href=\"https:\/\/www.cdc.gov\/ncbddd\/cp\/index.html\" target=\"_blank\" rel=\"noreferrer noopener\"><span style=\"text-decoration: underline;\">Cerebral palsy<\/span><\/a> From CDC<br><a href=\"https:\/\/www.cdc.gov\/ncbddd\/birthdefects\/downsyndrome.html\" target=\"_blank\" rel=\"noreferrer noopener\"><span style=\"text-decoration: underline;\">Down Syndrome<\/span><\/a> From CDC<br><a href=\"https:\/\/my.clevelandclinic.org\/health\/diseases\/17818-down-syndrome\" target=\"_blank\" rel=\"noreferrer noopener\"><span style=\"text-decoration: underline;\">Down syndrome<\/span><\/a> from the Cleveland Clinic.<br><a href=\"https:\/\/www.cdc.gov\/ncbddd\/adhd\/\" target=\"_blank\" rel=\"noreferrer noopener\"><span style=\"text-decoration: underline;\">ADHD Attention deficit hyperactivity disorder<\/span><\/a> From CDC<br><span style=\"text-decoration: underline;\"><a href=\"https:\/\/www.cdc.gov\/ncbddd\/developmentaldisabilities\/learning-disorder.html\" target=\"_blank\" rel=\"noreferrer noopener\">Learning disorders<\/a> <\/span>From CDC<br><a href=\"https:\/\/www.cdc.gov\/epilepsy\/index.html\" target=\"_blank\" rel=\"noreferrer noopener\"><span style=\"text-decoration: underline;\">Epilepsy<\/span> <\/a>From CDC<\/p>\n\n\n\n<p>  <\/p>\n\n\n\n<h4 class=\"wp-block-heading\"><span style=\"text-decoration: underline;\">Other links<\/span><\/h4>\n\n\n\n<p><a href=\"https:\/\/www.autismspeaks.org\/\" target=\"_blank\" rel=\"noreferrer noopener\"><span style=\"text-decoration: underline;\">Autism speaks.<\/span><\/a> Research, advocacy, services and support for those with ASD<br><a href=\"https:\/\/www.verywellhealth.com\/what-are-the-three-levels-of-autism-260233\" target=\"_blank\" rel=\"noreferrer noopener\"><span style=\"text-decoration: underline;\">Verywell Health<\/span><\/a> A full description of the three levels of ASD<br><span style=\"text-decoration: underline;\"><a href=\"https:\/\/www.autismspectrum.org.au\" target=\"_blank\" rel=\"noreferrer noopener\">Autism Spectrum.org<\/a>.<\/span> Australian informational site run by Aspect an autism service provider.<\/p>\n","protected":false},"excerpt":{"rendered":"<p>Good to know The information provided on this page is intended to help those looking for more information about neurodiverse conditions or looking for resource organizations. The Peter James Association is not responsible for the content of linked websites and users are asked to follow the access rules of those sites. In Kenya National Council &hellip; <\/p>\n<p class=\"link-more\"><a href=\"https:\/\/sgdigitalservices.com\/dev\/peter-james-association\/organisations-links\/\" class=\"more-link\">Continue reading<span class=\"screen-reader-text\"> &#8220;Organisations &#038; Links&#8221;<\/span><\/a><\/p>\n","protected":false},"author":1,"featured_media":460,"parent":0,"menu_order":0,"comment_status":"closed","ping_status":"closed","template":"templates\/template-organisation-links.php","meta":{"footnotes":""},"acf":[],"_links":{"self":[{"href":"https:\/\/sgdigitalservices.com\/dev\/peter-james-association\/wp-json\/wp\/v2\/pages\/38"}],"collection":[{"href":"https:\/\/sgdigitalservices.com\/dev\/peter-james-association\/wp-json\/wp\/v2\/pages"}],"about":[{"href":"https:\/\/sgdigitalservices.com\/dev\/peter-james-association\/wp-json\/wp\/v2\/types\/page"}],"author":[{"embeddable":true,"href":"https:\/\/sgdigitalservices.com\/dev\/peter-james-association\/wp-json\/wp\/v2\/users\/1"}],"replies":[{"embeddable":true,"href":"https:\/\/sgdigitalservices.com\/dev\/peter-james-association\/wp-json\/wp\/v2\/comments?post=38"}],"version-history":[{"count":15,"href":"https:\/\/sgdigitalservices.com\/dev\/peter-james-association\/wp-json\/wp\/v2\/pages\/38\/revisions"}],"predecessor-version":[{"id":479,"href":"https:\/\/sgdigitalservices.com\/dev\/peter-james-association\/wp-json\/wp\/v2\/pages\/38\/revisions\/479"}],"wp:featuredmedia":[{"embeddable":true,"href":"https:\/\/sgdigitalservices.com\/dev\/peter-james-association\/wp-json\/wp\/v2\/media\/460"}],"wp:attachment":[{"href":"https:\/\/sgdigitalservices.com\/dev\/peter-james-association\/wp-json\/wp\/v2\/media?parent=38"}],"curies":[{"name":"wp","href":"https:\/\/api.w.org\/{rel}","templated":true}]}}